{"id":19,"date":"2018-01-20T16:05:16","date_gmt":"2018-01-20T15:05:16","guid":{"rendered":"http:\/\/www.club60.ch\/?page_id=19"},"modified":"2024-10-13T12:11:18","modified_gmt":"2024-10-13T10:11:18","slug":"der-vorstand","status":"publish","type":"page","link":"https:\/\/www.club60.ch\/?page_id=19","title":{"rendered":"der Vorstand"},"content":{"rendered":"<p><strong>der aktuelle Vorstand vom Club60<br \/><\/strong><\/p>\n<p>Die folgenden Personen bilden zusammen den Vorstand vom \u2018Club60\u2019.<br \/>Als Vorstand haben sie folgende Funktionen:<br \/>&#8211; Vereinsf\u00fchrung<br \/>&#8211; Ordnung im Verein<br \/>&#8211; Ansprechpersonen f\u00fcr W\u00fcnsche und Anliegen<\/p>\n<table style=\"border-collapse: collapse; width: 100%;\" border=\"1\">\n<tbody>\n<tr style=\"height: 20px;\">\n<td style=\"width: 137.719px; height: 20px;\"><strong>Pr\u00e4sidium<\/strong><\/td>\n<td style=\"width: 191.609px; height: 20px;\">\u00a0<\/td>\n<td style=\"width: 164.672px; height: 20px;\">\u00a0<\/td>\n<\/tr>\n<tr style=\"height: 20px;\">\n<td style=\"width: 137.719px; height: 20px;\">Name<\/td>\n<td style=\"width: 191.609px; height: 20px;\">Fasola<\/td>\n<td style=\"width: 164.672px; height: 20px;\">\u00a0<\/td>\n<\/tr>\n<tr style=\"height: 20px;\">\n<td style=\"width: 137.719px; height: 20px;\">Vorname<\/td>\n<td style=\"width: 191.609px; height: 20px;\">Raphael<\/td>\n<td style=\"width: 164.672px; height: 20px;\">\u00a0<\/td>\n<\/tr>\n<tr style=\"height: 10px;\">\n<td style=\"width: 137.719px; height: 10px;\">JW-Name<\/td>\n<td style=\"width: 191.609px; height: 10px;\">Nefo<\/td>\n<td style=\"width: 164.672px; height: 10px;\">\u00a0<\/td>\n<\/tr>\n<\/tbody>\n<\/table>\n<table style=\"border-collapse: collapse; width: 100%;\" border=\"1\">\n<tbody>\n<tr style=\"height: 20px;\">\n<td style=\"width: 27.9762%; height: 20px;\"><strong>Finanzen<\/strong><\/td>\n<td style=\"width: 38.6904%; height: 20px;\">\u00a0<\/td>\n<td style=\"width: 33.3333%; height: 20px;\">\u00a0<\/td>\n<\/tr>\n<tr style=\"height: 20px;\">\n<td style=\"width: 27.9762%; height: 20px;\">Name<\/td>\n<td style=\"width: 38.6904%; height: 20px;\">K\u00fcnzle<\/td>\n<td style=\"width: 33.3333%; height: 20px;\">\u00a0<\/td>\n<\/tr>\n<tr style=\"height: 20px;\">\n<td style=\"width: 27.9762%; height: 20px;\">Vorname<\/td>\n<td style=\"width: 38.6904%; height: 20px;\">Markus<\/td>\n<td style=\"width: 33.3333%; height: 20px;\">\u00a0<\/td>\n<\/tr>\n<tr style=\"height: 20px;\">\n<td style=\"width: 27.9762%; height: 20px;\">JW-Name<\/td>\n<td style=\"width: 38.6904%; height: 20px;\">Gomfi<\/td>\n<td style=\"width: 33.3333%; height: 20px;\">\u00a0<\/td>\n<\/tr>\n<\/tbody>\n<\/table>\n<table style=\"border-collapse: collapse; width: 100%;\" border=\"1\">\n<tbody>\n<tr style=\"height: 20px;\">\n<td style=\"width: 27.9762%; height: 20px;\"><strong>Aktuar<\/strong><\/td>\n<td style=\"width: 38.6904%; height: 20px;\">\u00a0<\/td>\n<td style=\"width: 33.3333%; height: 20px;\">\u00a0<\/td>\n<\/tr>\n<tr style=\"height: 20px;\">\n<td style=\"width: 27.9762%; height: 20px;\">Name<\/td>\n<td style=\"width: 38.6904%; height: 20px;\">Wenger<\/td>\n<td style=\"width: 33.3333%; height: 20px;\">\u00a0<\/td>\n<\/tr>\n<tr style=\"height: 20px;\">\n<td style=\"width: 27.9762%; height: 20px;\">Vorname<\/td>\n<td style=\"width: 38.6904%; height: 20px;\">Norbert<\/td>\n<td style=\"width: 33.3333%; height: 20px;\">\u00a0<\/td>\n<\/tr>\n<tr style=\"height: 20px;\">\n<td style=\"width: 27.9762%; height: 20px;\">JW-Name<\/td>\n<td style=\"width: 38.6904%; height: 20px;\">N\u00f6bi<\/td>\n<td style=\"width: 33.3333%; height: 20px;\">\u00a0<\/td>\n<\/tr>\n<\/tbody>\n<\/table>\n<p>\u00a0<\/p>\n\n\n<p>Im \u2018Club60\u2019 ist zu beachten, dass verschiedenste Generationen Jungwacht\/Blauring\/Jubla vorhanden sind. Als Beispiel gelten folgende vier Generationen aus dem 80-Jahr-Jubil\u00e4um:<br>&#8211; Generation01: 1935-1955<br>&#8211; Generation02: 1955-1975<br>&#8211; Generation03: 1975-1995<br>&#8211; Generation04: 1995-2015+<br>Zus\u00e4tzlich eingeladen sind alle vollj\u00e4hrigen Erwachsenen der aktiven Schar \u2018Jubla Rorschach\u2019.<\/p>\n\n\n\n<ul class=\"wp-block-list\"><\/ul>\n\n\n\n<p>Zudem sind neu alle ehemaligen Mitgliederinnen und Mitglieder im \u2018Club60\u2019 vertreten, Ehemalige aus der \u2018Jungwacht Rorschach\u2019, dem \u2018Blauring Rorschach\u2019 und der \u2018Jubla Rorschach\u2019.<br>Somit sind verschiedenste Arten von Jungwacht\/Blauring\/Jubla im \u2018Club60\u2019 vorhanden, dies sind:<br>&#8211; reine Jungwacht (Generationen 1935 bis 1995)<br>&#8211; reine Blauring (Generationen 1935 bis 1995)<br>&#8211; Jungwacht und Blauring (Generationen 1995 bis 2015)<br>&#8211; Blauring und Jungwacht (Generationen 1995 bis 2015)<br>&#8211; reine Jubla-Schar (ab 2015)<br><br>Wir versuchen allen Anforderungen gerecht zu werden und versuchen weiterhin alle W\u00fcnsche und Anliegen so gut wie m\u00f6glich in den \u2018Club60\u2019 zu integrieren.<\/p>\n\n\n\n<p>Der Vorstand<\/p>\n\n\n\n<p><\/p>\n","protected":false},"excerpt":{"rendered":"<p>der aktuelle Vorstand vom Club60 Die folgenden Personen bilden zusammen den Vorstand vom \u2018Club60\u2019.Als Vorstand haben sie folgende Funktionen:&#8211; Vereinsf\u00fchrung&#8211; Ordnung im Verein&#8211; Ansprechpersonen f\u00fcr W\u00fcnsche und Anliegen Pr\u00e4sidium \u00a0 \u00a0 Name Fasola \u00a0 Vorname Raphael \u00a0 JW-Name Nefo \u00a0 Finanzen \u00a0 \u00a0 Name K\u00fcnzle \u00a0 Vorname Markus \u00a0 JW-Name Gomfi \u00a0 Aktuar \u00a0 \u00a0 &hellip; <a href=\"https:\/\/www.club60.ch\/?page_id=19\" class=\"more-link\"><span class=\"screen-reader-text\">der Vorstand<\/span> weiterlesen <span class=\"meta-nav\">&rarr;<\/span><\/a><\/p>\n","protected":false},"author":1,"featured_media":0,"parent":120,"menu_order":1,"comment_status":"closed","ping_status":"closed","template":"","meta":{"footnotes":""},"class_list":["post-19","page","type-page","status-publish","hentry"],"_links":{"self":[{"href":"https:\/\/www.club60.ch\/index.php?rest_route=\/wp\/v2\/pages\/19","targetHints":{"allow":["GET"]}}],"collection":[{"href":"https:\/\/www.club60.ch\/index.php?rest_route=\/wp\/v2\/pages"}],"about":[{"href":"https:\/\/www.club60.ch\/index.php?rest_route=\/wp\/v2\/types\/page"}],"author":[{"embeddable":true,"href":"https:\/\/www.club60.ch\/index.php?rest_route=\/wp\/v2\/users\/1"}],"replies":[{"embeddable":true,"href":"https:\/\/www.club60.ch\/index.php?rest_route=%2Fwp%2Fv2%2Fcomments&post=19"}],"version-history":[{"count":20,"href":"https:\/\/www.club60.ch\/index.php?rest_route=\/wp\/v2\/pages\/19\/revisions"}],"predecessor-version":[{"id":534,"href":"https:\/\/www.club60.ch\/index.php?rest_route=\/wp\/v2\/pages\/19\/revisions\/534"}],"up":[{"embeddable":true,"href":"https:\/\/www.club60.ch\/index.php?rest_route=\/wp\/v2\/pages\/120"}],"wp:attachment":[{"href":"https:\/\/www.club60.ch\/index.php?rest_route=%2Fwp%2Fv2%2Fmedia&parent=19"}],"curies":[{"name":"wp","href":"https:\/\/api.w.org\/{rel}","templated":true}]}}