{"id":2,"date":"2018-01-20T13:16:02","date_gmt":"2018-01-20T12:16:02","guid":{"rendered":"http:\/\/www.club60.ch\/?page_id=2"},"modified":"2025-10-31T20:00:53","modified_gmt":"2025-10-31T19:00:53","slug":"beispiel-seite","status":"publish","type":"page","link":"https:\/\/www.club60.ch\/","title":{"rendered":"Willkommen"},"content":{"rendered":"\n<p>Wir hei\u00dfen Euch herzlich willkommen auf der Webseite vom Club60, den Ehemaligen von Jungwacht\/Blauring\/Jubla Rorschach!<\/p>\n\n\n\n<h2 class=\"wp-block-heading\">90-Jahre Jubil\u00e4um \u2013 R\u00fcckblick<\/h2>\n\n\n\n<p><em>Samstag, 20. September 2025<\/em><\/p>\n\n\n\n<p><strong>Was f\u00fcr ein Fest! \u2013 90 Jahre voller Erlebnisse<\/strong><br>Unser Jubil\u00e4um Ende September 2025 war ein voller Erfolg!<br>Viele Ehemalige und die Aktiven feierten gemeinsam, lachten, erinnerten sich und blickten in die Zukunft unseres Vereins.<\/p>\n\n\n\n<p>Damit ihr die sch\u00f6nen Momente nochmals geniessen k\u00f6nnt, haben wir hier das Programm und einige Bilder des Jubil\u00e4ums zusammengestellt.<br>Taucht ein in die Stimmung \u2013 und vielleicht entdeckt ihr euch ja auf einem der kommenden Fotos! \ud83d\ude09<br>[<a href=\"https:\/\/www.club60.ch\/?page_id=660\" data-type=\"page\" data-id=\"363\">90-Jahre-Jubil\u00e4um<\/a>]<\/p>\n\n\n\n<hr class=\"wp-block-separator has-alpha-channel-opacity is-style-wide\"\/>\n\n\n\n<h2 class=\"wp-block-heading\">Club60 \u2013 j\u00e4hrliches Grillen: Ausblick 2026<\/h2>\n\n\n\n<p><strong>Save the Date 19.09.2026!<\/strong><br>Unser n\u00e4chstes Ehemaligentreffen findet am <strong><em><mark style=\"background-color:rgba(0, 0, 0, 0);color:#fd0000\" class=\"has-inline-color\">Samstag, dem 19. September 2026<\/mark><\/em><\/strong> statt \u2013 an einem gem\u00fctlichen Samstag mit Grill, guter Laune und vielen bekannten Gesichtern.<br>Merkt euch das Datum schon jetzt vor, gebt die Info weiter und helft mit, m\u00f6glichst viele ehemalige Mitglieder zu erreichen.<br>Weitere Infos folgen rechtzeitig!<br>[<a href=\"https:\/\/www.club60.ch\/?page_id=678\" data-type=\"page\" data-id=\"363\">&#8218;Club60&#8216;-Grillplausch 2026<\/a>]<\/p>\n\n\n\n<hr class=\"wp-block-separator has-alpha-channel-opacity is-style-wide\"\/>\n\n\n\n<h2 class=\"wp-block-heading\">Club60 \u2013 als Verein; Jahresbeitrag 2026<\/h2>\n\n\n\n<p><strong>Ein Verein \u2013 viele Erinnerungen, eine Zukunft<\/strong><br>Seit Anfang 2025 sind wir offiziell als Ehemaligenverein unterwegs. Damit haben wir nicht nur unsere Gemeinschaft gefestigt, sondern auch die rechtliche Grundlage geschaffen, um unsere Aktivit\u00e4ten langfristig abzusichern \u2013 inklusive eigenem Vereinskonto.<\/p>\n\n\n\n<p>Damit unser Verein lebendig bleibt und wir weiterhin Anl\u00e4sse durchf\u00fchren oder die aktive Schar bei Bedarf unterst\u00fctzen k\u00f6nnen, sind wir auf Mitgliederbeitr\u00e4ge angewiesen.<br>Euer Beitrag hilft uns, die Idee und den Geist der Schar weiterzutragen.<br><br>Merci f\u00fcr eure Treue und Unterst\u00fctzung!<br>[<a href=\"https:\/\/www.club60.ch\/?page_id=90\">\u00fcber den Club60 und Einzahlungsschein<\/a>]<\/p>\n\n\n\n<hr class=\"wp-block-separator has-alpha-channel-opacity is-style-wide\"\/>\n\n\n\n<h2 class=\"wp-block-heading\">Willkommen neue Mitglieder<\/h2>\n\n\n\n<p><em>Mitgliedschaft im \u2018Club60\u2019<\/em><\/p>\n\n\n\n<p>Wir freuen uns sehr, dass wir seit dem Grillen 2024 acht und seit dem 90-Jahr-Jubil\u00e4um 2025 ebenfalls acht neue Mitgliederinnen und Mitglieder im &#171;Club60&#187; begr\u00fcssen durften. <br>Das ist ein Grund, f\u00fcr weitere interessierte Ehemalige zu werben. <br>[<a href=\"https:\/\/www.club60.ch\/?page_id=74\" data-type=\"page\" data-id=\"74\">Anmeldung \u2018Club60\u2019<\/a>].<\/p>\n\n\n\n<hr class=\"wp-block-separator has-alpha-channel-opacity is-style-wide\"\/>\n\n\n\n<h2 class=\"wp-block-heading\">Adressdaten \u2013 immer aktuell<\/h2>\n\n\n\n<p><strong>Adressdaten aktuell halten<\/strong><br>Zurzeit verf\u00fcgen wir noch \u00fcber keine Online-Adressdatenbank.<br>Damit wir euch weiterhin \u00fcber Neuigkeiten und Anl\u00e4sse informieren k\u00f6nnen, gibt es die M\u00f6glichkeit, eure Kontaktdaten \u00fcber ein Formular an uns zu \u00fcbermitteln oder zu aktualisieren.<\/p>\n\n\n\n<p>So bleibt ihr im Club60 auf dem Laufenden \u2013 und wir k\u00f6nnen euch bei k\u00fcnftigen Treffen und Veranstaltungen direkt informieren.<\/p>\n\n\n\n<p>[<a href=\"https:\/\/www.club60.ch\/?page_id=692\" data-type=\"page\" data-id=\"692\">Adressdaten-Update<\/a>]<\/p>\n\n\n\n<hr class=\"wp-block-separator has-alpha-channel-opacity is-style-wide\"\/>\n\n\n\n<p><em>allgemeine Informationen zur Webseite (<a href=\"https:\/\/www.club60.ch\/?page_id=487\" data-type=\"page\" data-id=\"487\">Impressum<\/a>)<\/em><\/p>\n\n\n\n<p><\/p>\n","protected":false},"excerpt":{"rendered":"<p>Wir hei\u00dfen Euch herzlich willkommen auf der Webseite vom Club60, den Ehemaligen von Jungwacht\/Blauring\/Jubla Rorschach! 90-Jahre Jubil\u00e4um \u2013 R\u00fcckblick Samstag, 20. September 2025 Was f\u00fcr ein Fest! \u2013 90 Jahre voller ErlebnisseUnser Jubil\u00e4um Ende September 2025 war ein voller Erfolg!Viele Ehemalige und die Aktiven feierten gemeinsam, lachten, erinnerten sich und blickten in die Zukunft unseres &hellip; <a href=\"https:\/\/www.club60.ch\/\" class=\"more-link\"><span class=\"screen-reader-text\">Willkommen<\/span> weiterlesen <span class=\"meta-nav\">&rarr;<\/span><\/a><\/p>\n","protected":false},"author":1,"featured_media":0,"parent":0,"menu_order":1,"comment_status":"closed","ping_status":"closed","template":"page-templates\/full-width.php","meta":{"footnotes":""},"class_list":["post-2","page","type-page","status-publish","hentry"],"_links":{"self":[{"href":"https:\/\/www.club60.ch\/index.php?rest_route=\/wp\/v2\/pages\/2","targetHints":{"allow":["GET"]}}],"collection":[{"href":"https:\/\/www.club60.ch\/index.php?rest_route=\/wp\/v2\/pages"}],"about":[{"href":"https:\/\/www.club60.ch\/index.php?rest_route=\/wp\/v2\/types\/page"}],"author":[{"embeddable":true,"href":"https:\/\/www.club60.ch\/index.php?rest_route=\/wp\/v2\/users\/1"}],"replies":[{"embeddable":true,"href":"https:\/\/www.club60.ch\/index.php?rest_route=%2Fwp%2Fv2%2Fcomments&post=2"}],"version-history":[{"count":77,"href":"https:\/\/www.club60.ch\/index.php?rest_route=\/wp\/v2\/pages\/2\/revisions"}],"predecessor-version":[{"id":703,"href":"https:\/\/www.club60.ch\/index.php?rest_route=\/wp\/v2\/pages\/2\/revisions\/703"}],"wp:attachment":[{"href":"https:\/\/www.club60.ch\/index.php?rest_route=%2Fwp%2Fv2%2Fmedia&parent=2"}],"curies":[{"name":"wp","href":"https:\/\/api.w.org\/{rel}","templated":true}]}}