{"id":24,"date":"2018-01-20T16:43:01","date_gmt":"2018-01-20T15:43:01","guid":{"rendered":"http:\/\/www.club60.ch\/?page_id=24"},"modified":"2024-03-20T16:50:39","modified_gmt":"2024-03-20T15:50:39","slug":"treffen-events","status":"publish","type":"page","link":"https:\/\/www.club60.ch\/?page_id=24","title":{"rendered":"Treffen \/ Events"},"content":{"rendered":"<p><strong>Offizielle Club60-Treffen:<br \/><\/strong>Im Vorstand haben wir uns aktuell f\u00fcr einen F\u00fcnf-Jahres-Rhythmus entschieden, um alle f\u00fcnf Jahre ein offizielles Treffen &#171;Formerwalk&#187; zu organisieren. Sind weitere kleine, inoffizielle Treffen gew\u00fcnscht, freuen wir uns auf interessierte, ehemalige Jungw\u00e4chter.<\/p>\n<p><strong>Start-Event Club60:<\/strong><br \/>Im 2018 begannen wir mit einem Start-Event, um den Club60 wieder in Erinnerung zu rufen&#8230;<br \/>Auf der separaten Seite stehen die ersten Informationen zur Verf\u00fcgung: <a href=\"http:\/\/www.club60.ch\/?page_id=33\">Reaktivierung Club60<\/a><\/p>\n\n\n<p><strong>Jahres-Grillplausch \u201919<\/strong><br>Der Club60 organisiert ein j\u00e4hrliches Treffen ohne grosses Programm und Aufwand. <br>Weitere Informationen zum <a href=\"http:\/\/www.club60.ch\/?page_id=177\" data-type=\"link\" data-id=\"http:\/\/www.club60.ch\/?page_id=177\">Grillplausch vom Club60, 2019<\/a><\/p>\n\n\n\n<p><strong>Jahresgrillplausch 2024 vom Club60<\/strong><br>Der Club60 organisiert im Jahr 2024 wieder Treffen, f\u00fcr ein gem\u00fctliches Zusammensein.<br>Weitere Informationen zum <a href=\"http:\/\/www.club60.ch\/?page_id=363\" data-type=\"link\" data-id=\"http:\/\/www.club60.ch\/?page_id=363\">Grillplausch vom Club60, 2024<\/a><\/p>\n\n\n\n<p><strong>Neupflanzung Jubla-Baum M\u00e4rz \u201920 \u2013 abgesagt<\/strong><br>Gesch\u00e4tzte Besucherinnen und Besucher<br>Aufgrund der aktuellen Situation und der Anweisung der Beh\u00f6rden, haben wir uns im Vorstand vom Club60 entschieden den Anlass \u201cBaumpflanzung Jubla-Baum\u201d, vom 21. M\u00e4rz 2020 bis auf weiteres zu verschieben.<br>\u00dcber einen Ersatz \/ Folgetermin werden wir via Mail und auf dieser Webseite fr\u00fch genug informieren und verbleiben.<br>Gr\u00fcsse, der Vorstand vom Club60<\/p>\n\n\n\n<p><strong>Formerwalk 2020 \u2013 abgesagt<\/strong><br>In diesem Jahr 2020 h\u00e4tte wieder einmal ein Formerwalk organisiert werden sollen. Dieser wurde aufgrund der beh\u00f6rdlichen Massnahmen abgesagt.<br>Gr\u00fcsse, der Vorstand vom Club60<\/p>\n","protected":false},"excerpt":{"rendered":"<p>Offizielle Club60-Treffen:Im Vorstand haben wir uns aktuell f\u00fcr einen F\u00fcnf-Jahres-Rhythmus entschieden, um alle f\u00fcnf Jahre ein offizielles Treffen &#171;Formerwalk&#187; zu organisieren. Sind weitere kleine, inoffizielle Treffen gew\u00fcnscht, freuen wir uns auf interessierte, ehemalige Jungw\u00e4chter. Start-Event Club60:Im 2018 begannen wir mit einem Start-Event, um den Club60 wieder in Erinnerung zu rufen&#8230;Auf der separaten Seite stehen die &hellip; <a href=\"https:\/\/www.club60.ch\/?page_id=24\" class=\"more-link\"><span class=\"screen-reader-text\">Treffen \/ Events<\/span> weiterlesen <span class=\"meta-nav\">&rarr;<\/span><\/a><\/p>\n","protected":false},"author":1,"featured_media":0,"parent":0,"menu_order":4,"comment_status":"closed","ping_status":"closed","template":"","meta":{"footnotes":""},"class_list":["post-24","page","type-page","status-publish","hentry"],"_links":{"self":[{"href":"https:\/\/www.club60.ch\/index.php?rest_route=\/wp\/v2\/pages\/24","targetHints":{"allow":["GET"]}}],"collection":[{"href":"https:\/\/www.club60.ch\/index.php?rest_route=\/wp\/v2\/pages"}],"about":[{"href":"https:\/\/www.club60.ch\/index.php?rest_route=\/wp\/v2\/types\/page"}],"author":[{"embeddable":true,"href":"https:\/\/www.club60.ch\/index.php?rest_route=\/wp\/v2\/users\/1"}],"replies":[{"embeddable":true,"href":"https:\/\/www.club60.ch\/index.php?rest_route=%2Fwp%2Fv2%2Fcomments&post=24"}],"version-history":[{"count":6,"href":"https:\/\/www.club60.ch\/index.php?rest_route=\/wp\/v2\/pages\/24\/revisions"}],"predecessor-version":[{"id":372,"href":"https:\/\/www.club60.ch\/index.php?rest_route=\/wp\/v2\/pages\/24\/revisions\/372"}],"wp:attachment":[{"href":"https:\/\/www.club60.ch\/index.php?rest_route=%2Fwp%2Fv2%2Fmedia&parent=24"}],"curies":[{"name":"wp","href":"https:\/\/api.w.org\/{rel}","templated":true}]}}