{"id":445,"date":"2024-09-11T15:48:16","date_gmt":"2024-09-11T13:48:16","guid":{"rendered":"https:\/\/www.club60.ch\/?page_id=445"},"modified":"2024-10-13T12:13:16","modified_gmt":"2024-10-13T10:13:16","slug":"vereinsgruendung","status":"publish","type":"page","link":"https:\/\/www.club60.ch\/?page_id=445","title":{"rendered":"Vereinsgr\u00fcndung"},"content":{"rendered":"\n<p><strong>Die Gruppe \u2018Club60\u2019<\/strong><br>Der \u2018Club60\u2019 besteht bekannterweise seit dem 60-Jahr-Jubil\u00e4um der Jungwacht Rorschach aus dem Jahr 1995. Lange Zeit war der \u2018Club60\u2019 an den Verein der beiden aktiven Scharen (JW\/BR) gebunden, dies wurde im 2018 aufgel\u00f6st.<\/p>\n\n\n\n<p><strong>Vereinsgr\u00fcndung<\/strong><br>Der Hauptgrund aus der Gruppe \u2018Club60\u2019 einen Verein zu gr\u00fcnden ist die Kasse, also aus finanziellen-rechtlichen Gr\u00fcnden \u2013 Haftung usw. Um ein Vereinskonto zu erstellen, m\u00fcssen Statuten vorhanden sein. F\u00fcr die Mitgliederinnen und Mitglieder gibt es jedoch keinen zus\u00e4tzlichen Aufwand, das Programm bleibt bei einem lockeren Jahres-Grillen. Eine interne, administrative HV wird generell nur f\u00fcr die Jahresabrechnung der Kasse durchgef\u00fchrt.<\/p>\n\n\n\n<p>Von einigen Personen ist es ein Wunsch, dass vermehrt \u2018Club60\u2019-Treffen organisiert werden sollen, mindestens ein Grill-Event pro Jahr. Mit dem, dass der \u2018Club60\u2019 ein Verein wird, soll der \u2018Club60\u2019 verbindlicher werden, damit regelm\u00e4ssige Anl\u00e4sse und Treffen stattfinden und besucht werden k\u00f6nnen. F\u00fcr weitere Anliegen haben wir vom Vorstand immer ein offenes Ohr.<\/p>\n\n\n\n<p><strong>Erg\u00e4nzung; \u2018Jungwacht, Blauring, Jubla\u2019<\/strong><br>Der \u2018Club60\u2019 war bisher ein reiner M\u00e4nner-Verein.<br>Da Rorschach nun eine \u2018Jubla\u2019 hat und der Verein bis zur nationalen Ebene als \u2018Jungwacht Blauring Schweiz\u2019 auftritt, \u00f6ffnen wir f\u00fcr alle ehemaligen Mitgliederinnen und Mitglieder der Jungwacht Rorschach, des Blauring Rorschachs und der Jubla Rorschach die M\u00f6glichkeit dem Ehemaligenverein beizutreten.<br>Das Jahrestreffen wird somit gemischt, es k\u00f6nnen jedoch zus\u00e4tzlich weitere Treffen organisiert werden, z.B. reine \u2018Club60\u2019-Blauring oder reine \u2018Club60\u2019-Jungwacht-Treffen \u2013 immer in Absprache mit dem Vorstand, besten Dank f\u00fcrs Verst\u00e4ndnis im Voraus.<br>(Link zum Anmeldeformular: <a href=\"https:\/\/www.club60.ch\/?page_id=74\">Anmeldung \u2018Club60\u2019<\/a>)<\/p>\n\n\n\n<p><strong>Keine \u00c4nderungen f\u00fcr aktive Mitglieder<\/strong><br>F\u00fcr die aktuellen aktiven Mitglieder gibt es keine \u00c4nderungen.<br>Die Mitgliedschaft ist weiterhin freiwillig, es d\u00fcrfen weiterhin ehemalige Jungw\u00e4chter oder neu Blauring oder Jubla\u2019s aus Rorschach dem Verein \u2018Club60\u2019 beitreten.<br>Weiterhin bleibt der Jahresbeitrag bestehen zur Unterst\u00fctzung der aktiven Schar und f\u00fcr den Verein \u2018Club60\u2019 selbst.<\/p>\n\n\n\n<p>Weitere Informationen: <a href=\"https:\/\/www.club60.ch\/?page_id=90\">\u2018<em>\u00fcber den Club60\u2019<\/em><\/a><\/p>\n","protected":false},"excerpt":{"rendered":"<p>Die Gruppe \u2018Club60\u2019Der \u2018Club60\u2019 besteht bekannterweise seit dem 60-Jahr-Jubil\u00e4um der Jungwacht Rorschach aus dem Jahr 1995. Lange Zeit war der \u2018Club60\u2019 an den Verein der beiden aktiven Scharen (JW\/BR) gebunden, dies wurde im 2018 aufgel\u00f6st. Vereinsgr\u00fcndungDer Hauptgrund aus der Gruppe \u2018Club60\u2019 einen Verein zu gr\u00fcnden ist die Kasse, also aus finanziellen-rechtlichen Gr\u00fcnden \u2013 Haftung usw. &hellip; <a href=\"https:\/\/www.club60.ch\/?page_id=445\" class=\"more-link\"><span class=\"screen-reader-text\">Vereinsgr\u00fcndung<\/span> weiterlesen <span class=\"meta-nav\">&rarr;<\/span><\/a><\/p>\n","protected":false},"author":1,"featured_media":0,"parent":2,"menu_order":2,"comment_status":"closed","ping_status":"closed","template":"","meta":{"footnotes":""},"class_list":["post-445","page","type-page","status-publish","hentry"],"_links":{"self":[{"href":"https:\/\/www.club60.ch\/index.php?rest_route=\/wp\/v2\/pages\/445","targetHints":{"allow":["GET"]}}],"collection":[{"href":"https:\/\/www.club60.ch\/index.php?rest_route=\/wp\/v2\/pages"}],"about":[{"href":"https:\/\/www.club60.ch\/index.php?rest_route=\/wp\/v2\/types\/page"}],"author":[{"embeddable":true,"href":"https:\/\/www.club60.ch\/index.php?rest_route=\/wp\/v2\/users\/1"}],"replies":[{"embeddable":true,"href":"https:\/\/www.club60.ch\/index.php?rest_route=%2Fwp%2Fv2%2Fcomments&post=445"}],"version-history":[{"count":5,"href":"https:\/\/www.club60.ch\/index.php?rest_route=\/wp\/v2\/pages\/445\/revisions"}],"predecessor-version":[{"id":539,"href":"https:\/\/www.club60.ch\/index.php?rest_route=\/wp\/v2\/pages\/445\/revisions\/539"}],"up":[{"embeddable":true,"href":"https:\/\/www.club60.ch\/index.php?rest_route=\/wp\/v2\/pages\/2"}],"wp:attachment":[{"href":"https:\/\/www.club60.ch\/index.php?rest_route=%2Fwp%2Fv2%2Fmedia&parent=445"}],"curies":[{"name":"wp","href":"https:\/\/api.w.org\/{rel}","templated":true}]}}