{"id":487,"date":"2024-10-13T11:33:04","date_gmt":"2024-10-13T09:33:04","guid":{"rendered":"https:\/\/www.club60.ch\/?page_id=487"},"modified":"2025-10-25T15:56:36","modified_gmt":"2025-10-25T13:56:36","slug":"impressum-club60","status":"publish","type":"page","link":"https:\/\/www.club60.ch\/?page_id=487","title":{"rendered":"Impressum \u2018club60.ch\u2019"},"content":{"rendered":"\n<p><em>Informationen zur Webseite<\/em><\/p>\n\n\n\n<p><strong>Informationen \u00fcber die Webseite<\/strong><br>Die Webseite \u2018Club60.ch\u2019 dient f\u00fcr allgemeine Informationen rund um den \u2018Club60\u2019.<br>Besonders wichtig sind die Kontaktm\u00f6glichkeiten [<a href=\"https:\/\/www.club60.ch\/?page_id=50\" data-type=\"page\" data-id=\"50\">Link<\/a>], sowie diverse Informationen und Termine \u00fcber Anl\u00e4sse und Treffen vom \u2018Club60\u2019. Fortlaufend werden weitere Inhalte dazugef\u00fcgt. <\/p>\n\n\n\n<p>Leider kam es in der Vergangenheit immer wieder zu technischen Problemen. Ein alternative Web-System wird f\u00fcr die Zukunft evaluiert.<\/p>\n\n\n\n<p>Der Vorstand<\/p>\n\n\n\n<p><\/p>\n","protected":false},"excerpt":{"rendered":"<p>Informationen zur Webseite Informationen \u00fcber die WebseiteDie Webseite \u2018Club60.ch\u2019 dient f\u00fcr allgemeine Informationen rund um den \u2018Club60\u2019.Besonders wichtig sind die Kontaktm\u00f6glichkeiten [Link], sowie diverse Informationen und Termine \u00fcber Anl\u00e4sse und Treffen vom \u2018Club60\u2019. Fortlaufend werden weitere Inhalte dazugef\u00fcgt. Leider kam es in der Vergangenheit immer wieder zu technischen Problemen. Ein alternative Web-System wird f\u00fcr die &hellip; <a href=\"https:\/\/www.club60.ch\/?page_id=487\" class=\"more-link\"><span class=\"screen-reader-text\">Impressum \u2018club60.ch\u2019<\/span> weiterlesen <span class=\"meta-nav\">&rarr;<\/span><\/a><\/p>\n","protected":false},"author":1,"featured_media":0,"parent":50,"menu_order":2,"comment_status":"closed","ping_status":"closed","template":"","meta":{"footnotes":""},"class_list":["post-487","page","type-page","status-publish","hentry"],"_links":{"self":[{"href":"https:\/\/www.club60.ch\/index.php?rest_route=\/wp\/v2\/pages\/487","targetHints":{"allow":["GET"]}}],"collection":[{"href":"https:\/\/www.club60.ch\/index.php?rest_route=\/wp\/v2\/pages"}],"about":[{"href":"https:\/\/www.club60.ch\/index.php?rest_route=\/wp\/v2\/types\/page"}],"author":[{"embeddable":true,"href":"https:\/\/www.club60.ch\/index.php?rest_route=\/wp\/v2\/users\/1"}],"replies":[{"embeddable":true,"href":"https:\/\/www.club60.ch\/index.php?rest_route=%2Fwp%2Fv2%2Fcomments&post=487"}],"version-history":[{"count":4,"href":"https:\/\/www.club60.ch\/index.php?rest_route=\/wp\/v2\/pages\/487\/revisions"}],"predecessor-version":[{"id":494,"href":"https:\/\/www.club60.ch\/index.php?rest_route=\/wp\/v2\/pages\/487\/revisions\/494"}],"up":[{"embeddable":true,"href":"https:\/\/www.club60.ch\/index.php?rest_route=\/wp\/v2\/pages\/50"}],"wp:attachment":[{"href":"https:\/\/www.club60.ch\/index.php?rest_route=%2Fwp%2Fv2%2Fmedia&parent=487"}],"curies":[{"name":"wp","href":"https:\/\/api.w.org\/{rel}","templated":true}]}}