{"id":692,"date":"2025-10-25T15:56:45","date_gmt":"2025-10-25T13:56:45","guid":{"rendered":"https:\/\/www.club60.ch\/?page_id=692"},"modified":"2025-10-25T16:12:31","modified_gmt":"2025-10-25T14:12:31","slug":"adressdaten-update","status":"publish","type":"page","link":"https:\/\/www.club60.ch\/?page_id=692","title":{"rendered":"Adressdaten-Update"},"content":{"rendered":"\n<h3 class=\"wp-block-heading\">Adressdaten \u2013 immer aktuell<\/h3>\n\n\n\n<p>Zurzeit verf\u00fcgen wir noch \u00fcber keine Online-Adressdatenbank.<br>Damit wir euch weiterhin \u00fcber Neuigkeiten und Anl\u00e4sse informieren k\u00f6nnen, gibt es die M\u00f6glichkeit, eure Kontaktdaten \u00fcber ein Formular an uns zu \u00fcbermitteln oder zu aktualisieren.<\/p>\n\n\n\n<p>So bleibt ihr im Club60 auf dem Laufenden \u2013 und wir k\u00f6nnen euch bei k\u00fcnftigen Treffen und Veranstaltungen direkt informieren.<\/p>\n\n\n\n<div class=\"wpcf7 no-js\" id=\"wpcf7-f695-o1\" lang=\"de-CH\" dir=\"ltr\" data-wpcf7-id=\"695\">\n<div class=\"screen-reader-response\"><p role=\"status\" aria-live=\"polite\" aria-atomic=\"true\"><\/p> <ul><\/ul><\/div>\n<form action=\"\/index.php?rest_route=%2Fwp%2Fv2%2Fpages%2F692#wpcf7-f695-o1\" method=\"post\" class=\"wpcf7-form init\" aria-label=\"Contact form\" novalidate=\"novalidate\" data-status=\"init\">\n<fieldset class=\"hidden-fields-container\"><input type=\"hidden\" name=\"_wpcf7\" value=\"695\" \/><input type=\"hidden\" name=\"_wpcf7_version\" value=\"6.1.2\" \/><input type=\"hidden\" name=\"_wpcf7_locale\" value=\"de_CH\" \/><input type=\"hidden\" name=\"_wpcf7_unit_tag\" value=\"wpcf7-f695-o1\" \/><input type=\"hidden\" name=\"_wpcf7_container_post\" value=\"0\" \/><input type=\"hidden\" name=\"_wpcf7_posted_data_hash\" value=\"\" \/>\n<\/fieldset>\n<div class=\"wpcf7-turnstile cf-turnstile\" data-sitekey=\"0x4AAAAAABso2iFlFi9ZKk4F\" data-response-field-name=\"_wpcf7_turnstile_response\"><\/div>\n\n<p><label> Familienname: (erforderlich)<br \/>\n<span class=\"wpcf7-form-control-wrap\" data-name=\"your-familyname\"><input size=\"40\" maxlength=\"400\" class=\"wpcf7-form-control wpcf7-text wpcf7-validates-as-required\" aria-required=\"true\" aria-invalid=\"false\" value=\"\" type=\"text\" name=\"your-familyname\" \/><\/span> <\/label>\n<\/p>\n<p><label> Vorname: (erforderlich)<br \/>\n<span class=\"wpcf7-form-control-wrap\" data-name=\"your-name\"><input size=\"40\" maxlength=\"400\" class=\"wpcf7-form-control wpcf7-text wpcf7-validates-as-required\" aria-required=\"true\" aria-invalid=\"false\" value=\"\" type=\"text\" name=\"your-name\" \/><\/span> <\/label>\n<\/p>\n<p><label> JW\/BR\/Jubla-Name:<br \/>\n<span class=\"wpcf7-form-control-wrap\" data-name=\"jubla-name\"><input size=\"40\" maxlength=\"400\" class=\"wpcf7-form-control wpcf7-text\" aria-invalid=\"false\" value=\"\" type=\"text\" name=\"jubla-name\" \/><\/span> <\/label>\n<\/p>\n<p><label> Festnetz-Nr.:<br \/>\n<span class=\"wpcf7-form-control-wrap\" data-name=\"your-Phone\"><input size=\"40\" maxlength=\"400\" class=\"wpcf7-form-control wpcf7-tel wpcf7-text wpcf7-validates-as-tel\" aria-invalid=\"false\" value=\"\" type=\"tel\" name=\"your-Phone\" \/><\/span> <\/label>\n<\/p>\n<p><label> Mobile-Nr.:<br \/>\n<span class=\"wpcf7-form-control-wrap\" data-name=\"your-Mobile\"><input size=\"40\" maxlength=\"400\" class=\"wpcf7-form-control wpcf7-tel wpcf7-text wpcf7-validates-as-tel\" aria-invalid=\"false\" value=\"\" type=\"tel\" name=\"your-Mobile\" \/><\/span> <\/label>\n<\/p>\n<p><label> eMail-Adresse: (erforderlich)<br \/>\n<span class=\"wpcf7-form-control-wrap\" data-name=\"your-email\"><input size=\"40\" maxlength=\"400\" class=\"wpcf7-form-control wpcf7-email wpcf7-validates-as-required wpcf7-text wpcf7-validates-as-email\" aria-required=\"true\" aria-invalid=\"false\" value=\"\" type=\"email\" name=\"your-email\" \/><\/span> <\/label>\n<\/p>\n<p><label> Strasse:<br \/>\n<span class=\"wpcf7-form-control-wrap\" data-name=\"your-street\"><input size=\"40\" maxlength=\"400\" class=\"wpcf7-form-control wpcf7-text\" aria-invalid=\"false\" value=\"\" type=\"text\" name=\"your-street\" \/><\/span> <\/label>\n<\/p>\n<p><label> Nr.:<br \/>\n<span class=\"wpcf7-form-control-wrap\" data-name=\"your-street-number\"><input size=\"40\" maxlength=\"400\" class=\"wpcf7-form-control wpcf7-text\" aria-invalid=\"false\" value=\"\" type=\"text\" name=\"your-street-number\" \/><\/span> <\/label>\n<\/p>\n<p><label> PLZ:<br \/>\n<span class=\"wpcf7-form-control-wrap\" data-name=\"your-plz\"><input size=\"40\" maxlength=\"400\" class=\"wpcf7-form-control wpcf7-text\" aria-invalid=\"false\" value=\"\" type=\"text\" name=\"your-plz\" \/><\/span> <\/label>\n<\/p>\n<p><label> Ort:<br \/>\n<span class=\"wpcf7-form-control-wrap\" data-name=\"your-area\"><input size=\"40\" maxlength=\"400\" class=\"wpcf7-form-control wpcf7-text\" aria-invalid=\"false\" value=\"\" type=\"text\" name=\"your-area\" \/><\/span> <\/label>\n<\/p>\n<p><label> Bemerkungen:<br \/>\n<span class=\"wpcf7-form-control-wrap\" data-name=\"your-message\"><textarea cols=\"40\" rows=\"10\" maxlength=\"2000\" class=\"wpcf7-form-control wpcf7-textarea\" aria-invalid=\"false\" name=\"your-message\"><\/textarea><\/span> <\/label>\n<\/p>\n<p><input class=\"wpcf7-form-control wpcf7-submit has-spinner\" type=\"submit\" value=\"Senden\" \/>\n<\/p><div class=\"wpcf7-response-output\" aria-hidden=\"true\"><\/div>\n<\/form>\n<\/div>\n\n\n\n\n<p><\/p>\n","protected":false},"excerpt":{"rendered":"<p>Adressdaten \u2013 immer aktuell Zurzeit verf\u00fcgen wir noch \u00fcber keine Online-Adressdatenbank.Damit wir euch weiterhin \u00fcber Neuigkeiten und Anl\u00e4sse informieren k\u00f6nnen, gibt es die M\u00f6glichkeit, eure Kontaktdaten \u00fcber ein Formular an uns zu \u00fcbermitteln oder zu aktualisieren. So bleibt ihr im Club60 auf dem Laufenden \u2013 und wir k\u00f6nnen euch bei k\u00fcnftigen Treffen und Veranstaltungen direkt &hellip; <a href=\"https:\/\/www.club60.ch\/?page_id=692\" class=\"more-link\"><span class=\"screen-reader-text\">Adressdaten-Update<\/span> weiterlesen <span class=\"meta-nav\">&rarr;<\/span><\/a><\/p>\n","protected":false},"author":1,"featured_media":0,"parent":50,"menu_order":1,"comment_status":"closed","ping_status":"closed","template":"","meta":{"footnotes":""},"class_list":["post-692","page","type-page","status-publish","hentry"],"_links":{"self":[{"href":"https:\/\/www.club60.ch\/index.php?rest_route=\/wp\/v2\/pages\/692","targetHints":{"allow":["GET"]}}],"collection":[{"href":"https:\/\/www.club60.ch\/index.php?rest_route=\/wp\/v2\/pages"}],"about":[{"href":"https:\/\/www.club60.ch\/index.php?rest_route=\/wp\/v2\/types\/page"}],"author":[{"embeddable":true,"href":"https:\/\/www.club60.ch\/index.php?rest_route=\/wp\/v2\/users\/1"}],"replies":[{"embeddable":true,"href":"https:\/\/www.club60.ch\/index.php?rest_route=%2Fwp%2Fv2%2Fcomments&post=692"}],"version-history":[{"count":3,"href":"https:\/\/www.club60.ch\/index.php?rest_route=\/wp\/v2\/pages\/692\/revisions"}],"predecessor-version":[{"id":696,"href":"https:\/\/www.club60.ch\/index.php?rest_route=\/wp\/v2\/pages\/692\/revisions\/696"}],"up":[{"embeddable":true,"href":"https:\/\/www.club60.ch\/index.php?rest_route=\/wp\/v2\/pages\/50"}],"wp:attachment":[{"href":"https:\/\/www.club60.ch\/index.php?rest_route=%2Fwp%2Fv2%2Fmedia&parent=692"}],"curies":[{"name":"wp","href":"https:\/\/api.w.org\/{rel}","templated":true}]}}