{"id":71,"date":"2018-05-30T14:28:51","date_gmt":"2018-05-30T12:28:51","guid":{"rendered":"http:\/\/www.club60.ch\/?page_id=71"},"modified":"2024-10-13T12:03:57","modified_gmt":"2024-10-13T10:03:57","slug":"mitglieder-personen","status":"publish","type":"page","link":"https:\/\/www.club60.ch\/?page_id=71","title":{"rendered":"Mitglieder \/ Personen"},"content":{"rendered":"<p>Auf der Mitgliederseite sind alle Angeschriebene vom 08. Mai 2018 publiziert.<\/p>\n<p>In der \u00dcbersicht enthalten sind<br \/>\n&#8211; Name, Vorname<br \/>\n&#8211; wenn vorhanden mit JW\/BR\/Jubla-Name<br \/>\n&#8211; ob eine Mitgliedschaft eingetragen ist<br \/>\n&#8211; Wohnort<\/p>\n<p><a href=\"http:\/\/www.club60.ch\/wp-content\/uploads\/Grillen2018_Start\/Club60-Jungwacht-Rorschach-Angeschriebene-1805.pdf\" target=\"_blank\" rel=\"noopener\">Download \u00dcbersicht\u00a0<\/a><\/p>\n<p>Wir bitten alle Mitglieder \/ G\u00e4ste \/ Freunde, dem Vorstand die aktuelle eMail-Adresse mitzuteilen.<br \/>\nMit einer g\u00fcltigen eMail-Adresse k\u00f6nnen die Informationen \u00fcber den \u2018Club60\u2019 korrekt und kosteng\u00fcnstig an die Empf\u00e4nger zugestellt werden.<br \/>\nAlle Informationen steht\u2019s per Post zu versenden ist zu aufwendig.<br \/>\nDie Personendaten werden nicht weitergegeben!<\/p>\n<p>Vielen Dank!<\/p>\n","protected":false},"excerpt":{"rendered":"<p>Auf der Mitgliederseite sind alle Angeschriebene vom 08. Mai 2018 publiziert. In der \u00dcbersicht enthalten sind &#8211; Name, Vorname &#8211; wenn vorhanden mit JW\/BR\/Jubla-Name &#8211; ob eine Mitgliedschaft eingetragen ist &#8211; Wohnort Download \u00dcbersicht\u00a0 Wir bitten alle Mitglieder \/ G\u00e4ste \/ Freunde, dem Vorstand die aktuelle eMail-Adresse mitzuteilen. Mit einer g\u00fcltigen eMail-Adresse k\u00f6nnen die Informationen &hellip; <a href=\"https:\/\/www.club60.ch\/?page_id=71\" class=\"more-link\"><span class=\"screen-reader-text\">Mitglieder \/ Personen<\/span> weiterlesen <span class=\"meta-nav\">&rarr;<\/span><\/a><\/p>\n","protected":false},"author":1,"featured_media":0,"parent":120,"menu_order":2,"comment_status":"closed","ping_status":"closed","template":"","meta":{"footnotes":""},"class_list":["post-71","page","type-page","status-publish","hentry"],"_links":{"self":[{"href":"https:\/\/www.club60.ch\/index.php?rest_route=\/wp\/v2\/pages\/71","targetHints":{"allow":["GET"]}}],"collection":[{"href":"https:\/\/www.club60.ch\/index.php?rest_route=\/wp\/v2\/pages"}],"about":[{"href":"https:\/\/www.club60.ch\/index.php?rest_route=\/wp\/v2\/types\/page"}],"author":[{"embeddable":true,"href":"https:\/\/www.club60.ch\/index.php?rest_route=\/wp\/v2\/users\/1"}],"replies":[{"embeddable":true,"href":"https:\/\/www.club60.ch\/index.php?rest_route=%2Fwp%2Fv2%2Fcomments&post=71"}],"version-history":[{"count":14,"href":"https:\/\/www.club60.ch\/index.php?rest_route=\/wp\/v2\/pages\/71\/revisions"}],"predecessor-version":[{"id":525,"href":"https:\/\/www.club60.ch\/index.php?rest_route=\/wp\/v2\/pages\/71\/revisions\/525"}],"up":[{"embeddable":true,"href":"https:\/\/www.club60.ch\/index.php?rest_route=\/wp\/v2\/pages\/120"}],"wp:attachment":[{"href":"https:\/\/www.club60.ch\/index.php?rest_route=%2Fwp%2Fv2%2Fmedia&parent=71"}],"curies":[{"name":"wp","href":"https:\/\/api.w.org\/{rel}","templated":true}]}}